{"id":14571,"date":"2024-03-11T14:29:42","date_gmt":"2024-03-11T13:29:42","guid":{"rendered":"https:\/\/medica-europe.com\/preoperatieve-handenborstel\/"},"modified":"2026-01-30T15:15:37","modified_gmt":"2026-01-30T14:15:37","slug":"preoperatieve-handenborstel","status":"publish","type":"page","link":"https:\/\/medica-europe.com\/nl-be\/preoperatieve-handenborstel\/","title":{"rendered":"Preoperatieve handenborstel"},"content":{"rendered":"\t\t<div data-elementor-type=\"wp-page\" data-elementor-id=\"14571\" class=\"elementor elementor-14571 elementor-4908\" data-elementor-post-type=\"page\">\n\t\t\t\t<div class=\"elementor-element elementor-element-6197da7 e-con-full elementor-hidden-desktop elementor-hidden-tablet e-flex e-con e-parent\" data-id=\"6197da7\" data-element_type=\"container\" data-e-type=\"container\">\n\t\t<div class=\"elementor-element elementor-element-7e7d7ab e-con-full e-flex e-con e-child\" data-id=\"7e7d7ab\" data-element_type=\"container\" data-e-type=\"container\">\n\t\t<div class=\"elementor-element elementor-element-52d8309 e-con-full e-flex e-con e-child\" data-id=\"52d8309\" data-element_type=\"container\" data-e-type=\"container\" data-settings=\"{&quot;background_background&quot;:&quot;classic&quot;}\">\n\t\t\t\t<div class=\"elementor-element elementor-element-750366b elementor-hidden-desktop elementor-hidden-tablet elementor-widget elementor-widget-heading\" data-id=\"750366b\" data-element_type=\"widget\" data-e-type=\"widget\" data-widget_type=\"heading.default\">\n\t\t\t\t<div class=\"elementor-widget-container\">\n\t\t\t\t\t<h2 class=\"elementor-heading-title elementor-size-default\"><h2>Preoperatievehandenborstel<\/h2><\/h2>\t\t\t\t<\/div>\n\t\t\t\t<\/div>\n\t\t\t\t<\/div>\n\t\t\t\t<\/div>\n\t\t\t\t<\/div>\n\t\t<div class=\"elementor-element elementor-element-8b299d6 e-flex e-con-boxed e-con e-parent\" data-id=\"8b299d6\" data-element_type=\"container\" data-e-type=\"container\">\n\t\t\t\t\t<div class=\"e-con-inner\">\n\t\t<div class=\"elementor-element elementor-element-633f691 e-con-full e-flex e-con e-child\" data-id=\"633f691\" data-element_type=\"container\" data-e-type=\"container\">\n\t\t\t\t<div class=\"elementor-element elementor-element-abcd568 elementor-hidden-mobile elementor-widget elementor-widget-heading\" data-id=\"abcd568\" data-element_type=\"widget\" data-e-type=\"widget\" data-widget_type=\"heading.default\">\n\t\t\t\t<div class=\"elementor-widget-container\">\n\t\t\t\t\t<h1 class=\"elementor-heading-title elementor-size-default\">Preoperatieve handenborstel<\/h1>\t\t\t\t<\/div>\n\t\t\t\t<\/div>\n\t\t\t\t<div class=\"elementor-element elementor-element-3c2e93e elementor-widget elementor-widget-text-editor\" data-id=\"3c2e93e\" data-element_type=\"widget\" data-e-type=\"widget\" data-widget_type=\"text-editor.default\">\n\t\t\t\t<div class=\"elementor-widget-container\">\n\t\t\t\t\t\t\t\t\t<p>Gebrekkige hygi\u00ebne, vooral bij handen en huid, is de een van de voornaamste oorzaken van ziekenhuisinfecties. Een essenti\u00eble stap in infectiepreventie is dan ook goede handhygi\u00ebne.<br \/>De Medica Brush cre\u00ebert optimale voorwaarden voor preoperatieve hygi\u00ebne van zowel medewerkers als pati\u00ebnten. In tegenstelling tot traditionele herbruikbare borstels biedt de single use Medica Brush diverse voordelen. Het is aangenaam in gebruik, met een effectief, zacht en huidvriendelijk borstelgedeelte voor nagels, knokkels en huid. Het bevat ook een sponsje voor handen, onderarmen en huid, samen met een aparte nagelreiniger, waardoor handlingkosten worden bespaard.<\/p>\n<p>Ontdek ons overzichtelijke assortiment single-use preoperatieve handenborstels, zoals de Medica Brush Droog Steriel.<\/p>\n\t\t\t\t\t\t\t\t<\/div>\n\t\t\t\t<\/div>\n\t\t\t\t<div class=\"elementor-element elementor-element-a6fca43 elementor-mobile-align-justify elementor-widget elementor-widget-button\" data-id=\"a6fca43\" data-element_type=\"widget\" data-e-type=\"widget\" data-widget_type=\"button.default\">\n\t\t\t\t<div class=\"elementor-widget-container\">\n\t\t\t\t\t\t\t\t\t<div class=\"elementor-button-wrapper\">\n\t\t\t\t\t<a class=\"elementor-button elementor-button-link elementor-size-sm\" href=\"\/wp-content\/uploads\/2024\/07\/Flyer-Brush-Nederlands.pdf\">\n\t\t\t\t\t\t<span class=\"elementor-button-content-wrapper\">\n\t\t\t\t\t\t\t\t\t<span class=\"elementor-button-text\">Download de brochure<\/span>\n\t\t\t\t\t<\/span>\n\t\t\t\t\t<\/a>\n\t\t\t\t<\/div>\n\t\t\t\t\t\t\t\t<\/div>\n\t\t\t\t<\/div>\n\t\t\t\t<\/div>\n\t\t<div class=\"elementor-element elementor-element-9e49261 e-con-full e-flex e-con e-child\" data-id=\"9e49261\" data-element_type=\"container\" data-e-type=\"container\">\n\t\t<div class=\"elementor-element elementor-element-35b3db2 e-con-full elementor-hidden-mobile e-flex e-con e-child\" data-id=\"35b3db2\" data-element_type=\"container\" data-e-type=\"container\">\n\t\t\t\t<div class=\"elementor-element elementor-element-468cb7d elementor-widget elementor-widget-image\" data-id=\"468cb7d\" data-element_type=\"widget\" data-e-type=\"widget\" data-widget_type=\"image.default\">\n\t\t\t\t<div class=\"elementor-widget-container\">\n\t\t\t\t\t\t\t\t\t\t\t\t\t\t\t<img fetchpriority=\"high\" decoding=\"async\" width=\"675\" height=\"919\" src=\"https:\/\/medica-europe.com\/wp-content\/uploads\/2024\/02\/duo_1-e1706780268926.png\" class=\"attachment-full size-full wp-image-3236\" alt=\"\" srcset=\"https:\/\/medica-europe.com\/wp-content\/uploads\/2024\/02\/duo_1-e1706780268926.png 675w, https:\/\/medica-europe.com\/wp-content\/uploads\/2024\/02\/duo_1-e1706780268926-220x300.png 220w\" sizes=\"(max-width: 675px) 100vw, 675px\" \/>\t\t\t\t\t\t\t\t\t\t\t\t\t\t\t<\/div>\n\t\t\t\t<\/div>\n\t\t\t\t<\/div>\n\t\t<div class=\"elementor-element elementor-element-b10bfd8 image-bar e-flex e-con-boxed e-con e-child\" data-id=\"b10bfd8\" data-element_type=\"container\" data-e-type=\"container\">\n\t\t\t\t\t<div class=\"e-con-inner\">\n\t\t<div class=\"elementor-element elementor-element-280195b e-con-full e-flex e-con e-child\" data-id=\"280195b\" data-element_type=\"container\" data-e-type=\"container\">\n\t\t\t\t<div class=\"elementor-element elementor-element-6ebe77e elementor-widget elementor-widget-image\" data-id=\"6ebe77e\" data-element_type=\"widget\" data-e-type=\"widget\" data-widget_type=\"image.default\">\n\t\t\t\t<div class=\"elementor-widget-container\">\n\t\t\t\t\t\t\t\t\t\t\t\t\t\t\t<img decoding=\"async\" width=\"1696\" height=\"2560\" src=\"https:\/\/medica-europe.com\/wp-content\/uploads\/2024\/03\/P1002899-min-scaled.jpg\" class=\"attachment-full size-full wp-image-10465\" alt=\"Preoperatieve handenborstel, Medica Brush,\" srcset=\"https:\/\/medica-europe.com\/wp-content\/uploads\/2024\/03\/P1002899-min-scaled.jpg 1696w, https:\/\/medica-europe.com\/wp-content\/uploads\/2024\/03\/P1002899-min-199x300.jpg 199w, https:\/\/medica-europe.com\/wp-content\/uploads\/2024\/03\/P1002899-min-678x1024.jpg 678w, https:\/\/medica-europe.com\/wp-content\/uploads\/2024\/03\/P1002899-min-768x1159.jpg 768w, https:\/\/medica-europe.com\/wp-content\/uploads\/2024\/03\/P1002899-min-1017x1536.jpg 1017w, https:\/\/medica-europe.com\/wp-content\/uploads\/2024\/03\/P1002899-min-1357x2048.jpg 1357w\" sizes=\"(max-width: 1696px) 100vw, 1696px\" \/>\t\t\t\t\t\t\t\t\t\t\t\t\t\t\t<\/div>\n\t\t\t\t<\/div>\n\t\t\t\t<\/div>\n\t\t<div class=\"elementor-element elementor-element-9da57db e-con-full e-flex e-con e-child\" data-id=\"9da57db\" data-element_type=\"container\" data-e-type=\"container\" data-settings=\"{&quot;background_background&quot;:&quot;classic&quot;}\">\n\t\t\t\t<\/div>\n\t\t\t\t\t<\/div>\n\t\t\t\t<\/div>\n\t\t\t\t<\/div>\n\t\t\t\t\t<\/div>\n\t\t\t\t<\/div>\n\t\t<div class=\"elementor-element elementor-element-061794a e-flex e-con-boxed e-con e-parent\" data-id=\"061794a\" data-element_type=\"container\" data-e-type=\"container\" data-settings=\"{&quot;background_background&quot;:&quot;classic&quot;}\">\n\t\t\t\t\t<div class=\"e-con-inner\">\n\t\t<div class=\"elementor-element elementor-element-7056aba e-flex e-con-boxed e-con e-child\" data-id=\"7056aba\" data-element_type=\"container\" data-e-type=\"container\" data-settings=\"{&quot;background_background&quot;:&quot;classic&quot;}\">\n\t\t\t\t\t<div class=\"e-con-inner\">\n\t\t<div class=\"elementor-element elementor-element-dd254b5 e-con-full e-flex e-con e-child\" data-id=\"dd254b5\" data-element_type=\"container\" data-e-type=\"container\" data-settings=\"{&quot;background_background&quot;:&quot;classic&quot;}\">\n\t\t\t\t<div class=\"elementor-element elementor-element-cf463cc elementor-widget__width-initial elementor-widget elementor-widget-text-editor\" data-id=\"cf463cc\" data-element_type=\"widget\" data-e-type=\"widget\" data-widget_type=\"text-editor.default\">\n\t\t\t\t<div class=\"elementor-widget-container\">\n\t\t\t\t\t\t\t\t\t<p>In het productoverzicht vindt u al onze producten per categorie met een korte omschrijving, een product- en een bestelnummer.<\/p>\n\t\t\t\t\t\t\t\t<\/div>\n\t\t\t\t<\/div>\n\t\t\t\t<div class=\"elementor-element elementor-element-64eb98e elementor-align-center elementor-widget elementor-widget-button\" data-id=\"64eb98e\" data-element_type=\"widget\" data-e-type=\"widget\" data-widget_type=\"button.default\">\n\t\t\t\t<div class=\"elementor-widget-container\">\n\t\t\t\t\t\t\t\t\t<div class=\"elementor-button-wrapper\">\n\t\t\t\t\t<a class=\"elementor-button elementor-button-link elementor-size-sm\" href=\"https:\/\/medica-europe.com\/productoverzicht\/\">\n\t\t\t\t\t\t<span class=\"elementor-button-content-wrapper\">\n\t\t\t\t\t\t\t\t\t<span class=\"elementor-button-text\">Productoverzicht<\/span>\n\t\t\t\t\t<\/span>\n\t\t\t\t\t<\/a>\n\t\t\t\t<\/div>\n\t\t\t\t\t\t\t\t<\/div>\n\t\t\t\t<\/div>\n\t\t\t\t<\/div>\n\t\t\t\t\t<\/div>\n\t\t\t\t<\/div>\n\t\t\t\t\t<\/div>\n\t\t\t\t<\/div>\n\t\t<div class=\"elementor-element elementor-element-5d6febf e-flex e-con-boxed e-con e-parent\" data-id=\"5d6febf\" data-element_type=\"container\" data-e-type=\"container\" data-settings=\"{&quot;background_background&quot;:&quot;classic&quot;}\">\n\t\t\t\t\t<div class=\"e-con-inner\">\n\t\t<div class=\"elementor-element elementor-element-cd73850 e-flex e-con-boxed e-con e-child\" data-id=\"cd73850\" data-element_type=\"container\" data-e-type=\"container\">\n\t\t\t\t\t<div class=\"e-con-inner\">\n\t\t<div class=\"elementor-element elementor-element-13722b0 e-con-full e-flex e-con e-child\" data-id=\"13722b0\" data-element_type=\"container\" data-e-type=\"container\" data-settings=\"{&quot;background_background&quot;:&quot;classic&quot;}\">\n\t\t\t\t<div class=\"elementor-element elementor-element-5736127 elementor-widget elementor-widget-image\" data-id=\"5736127\" data-element_type=\"widget\" data-e-type=\"widget\" data-widget_type=\"image.default\">\n\t\t\t\t<div class=\"elementor-widget-container\">\n\t\t\t\t\t\t\t\t\t\t\t\t\t\t\t<img decoding=\"async\" width=\"400\" height=\"600\" src=\"https:\/\/medica-europe.com\/wp-content\/uploads\/2024\/03\/brush_doos.jpg\" class=\"attachment-large size-large wp-image-10467\" alt=\"\" srcset=\"https:\/\/medica-europe.com\/wp-content\/uploads\/2024\/03\/brush_doos.jpg 400w, https:\/\/medica-europe.com\/wp-content\/uploads\/2024\/03\/brush_doos-200x300.jpg 200w\" sizes=\"(max-width: 400px) 100vw, 400px\" \/>\t\t\t\t\t\t\t\t\t\t\t\t\t\t\t<\/div>\n\t\t\t\t<\/div>\n\t\t\t\t<\/div>\n\t\t<div class=\"elementor-element elementor-element-56bed88 e-con-full e-flex e-con e-child\" data-id=\"56bed88\" data-element_type=\"container\" data-e-type=\"container\">\n\t\t\t\t<div class=\"elementor-element elementor-element-4ac9eaf elementor-widget elementor-widget-heading\" data-id=\"4ac9eaf\" data-element_type=\"widget\" data-e-type=\"widget\" data-widget_type=\"heading.default\">\n\t\t\t\t<div class=\"elementor-widget-container\">\n\t\t\t\t\t<h2 class=\"elementor-heading-title elementor-size-default\">Voordelen en kenmerken<\/h2>\t\t\t\t<\/div>\n\t\t\t\t<\/div>\n\t\t\t\t<div class=\"elementor-element elementor-element-83fa0c8 elementor-widget elementor-widget-text-editor\" data-id=\"83fa0c8\" data-element_type=\"widget\" data-e-type=\"widget\" data-widget_type=\"text-editor.default\">\n\t\t\t\t<div class=\"elementor-widget-container\">\n\t\t\t\t\t\t\t\t\t<p>\u2022 Gemakkelijk en hygi\u00ebnisch te openen verpakking.<br \/>\u2022 Gesteriliseerd door middel van ethyleenoxide.<br \/>\u2022 Zonder zeep.<br \/>\u2022 Dispenserdoos kan gemakkelijk bij de wasbak worden opgehangen.<br \/>\u2022 Geen microtrauma&#8217;s op de huid die ge\u00efnfecteerd kunnen worden.<br \/>\u2022 Dieperliggende residente flora worden niet onnodig opgewerkt.<br \/>\u2022 Latexvrij<br \/>\u2022 25 brushes in een dispenserdoos, 15 dispenserdozen in een omdoos.<\/p>\n\t\t\t\t\t\t\t\t<\/div>\n\t\t\t\t<\/div>\n\t\t\t\t<\/div>\n\t\t\t\t\t<\/div>\n\t\t\t\t<\/div>\n\t\t\t\t\t<\/div>\n\t\t\t\t<\/div>\n\t\t<div class=\"elementor-element elementor-element-94fc73e e-flex e-con-boxed e-con e-parent\" data-id=\"94fc73e\" data-element_type=\"container\" data-e-type=\"container\" data-settings=\"{&quot;background_background&quot;:&quot;classic&quot;}\">\n\t\t\t\t\t<div class=\"e-con-inner\">\n\t\t\t\t<div class=\"elementor-element elementor-element-e2f965e elementor-widget__width-initial elementor-widget-tablet__width-inherit elementor-widget elementor-widget-heading\" data-id=\"e2f965e\" data-element_type=\"widget\" data-e-type=\"widget\" data-widget_type=\"heading.default\">\n\t\t\t\t<div class=\"elementor-widget-container\">\n\t\t\t\t\t<h2 class=\"elementor-heading-title elementor-size-default\">Maak een vrijblijvende afspraak<\/h2>\t\t\t\t<\/div>\n\t\t\t\t<\/div>\n\t\t<div class=\"elementor-element elementor-element-023bb6e e-flex e-con-boxed e-con e-child\" data-id=\"023bb6e\" data-element_type=\"container\" data-e-type=\"container\" data-settings=\"{&quot;background_background&quot;:&quot;classic&quot;}\">\n\t\t\t\t\t<div class=\"e-con-inner\">\n\t\t<div class=\"elementor-element elementor-element-f3cfc42 e-flex e-con-boxed e-con e-child\" data-id=\"f3cfc42\" data-element_type=\"container\" data-e-type=\"container\" data-settings=\"{&quot;background_background&quot;:&quot;classic&quot;}\">\n\t\t\t\t\t<div class=\"e-con-inner\">\n\t\t\t\t<div class=\"elementor-element elementor-element-ebc18c3 elementor-widget elementor-widget-heading\" data-id=\"ebc18c3\" data-element_type=\"widget\" data-e-type=\"widget\" data-widget_type=\"heading.default\">\n\t\t\t\t<div class=\"elementor-widget-container\">\n\t\t\t\t\t<h5 class=\"elementor-heading-title elementor-size-default\">Vul onderstaand formulier in<\/h5>\t\t\t\t<\/div>\n\t\t\t\t<\/div>\n\t\t\t\t<div class=\"elementor-element elementor-element-87aedf3 elementor-widget elementor-widget-wpforms\" data-id=\"87aedf3\" data-element_type=\"widget\" data-e-type=\"widget\" data-widget_type=\"wpforms.default\">\n\t\t\t\t<div class=\"elementor-widget-container\">\n\t\t\t\t\t<div class=\"wpforms-container ct-wpforms-inline-fields wpforms-render-modern\" id=\"wpforms-69\"><form id=\"wpforms-form-69\" class=\"wpforms-validate wpforms-form wpforms-ajax-form\" data-formid=\"69\" method=\"post\" enctype=\"multipart\/form-data\" action=\"\/nl-be\/wp-json\/wp\/v2\/pages\/14571\" data-token=\"d0e3190360cfefe329218ebf508929f3\" data-token-time=\"1776583871\"><noscript class=\"wpforms-error-noscript\">Schakel JavaScript in je browser in om dit formulier in te vullen.<\/noscript><div id=\"wpforms-error-noscript\" style=\"display: none;\">Schakel JavaScript in je browser in om dit formulier in te vullen.<\/div><div class=\"wpforms-field-container\"><div id=\"wpforms-69-field_2-container\" class=\"wpforms-field wpforms-field-name\" data-field-id=\"2\"><label class=\"wpforms-field-label wpforms-label-hide\" for=\"wpforms-69-field_2\" aria-hidden=\"false\">Naam <span class=\"wpforms-required-label\" aria-hidden=\"true\">*<\/span><\/label><input type=\"text\" id=\"wpforms-69-field_2\" class=\"wpforms-field-large wpforms-field-required\" name=\"wpforms[fields][2]\" placeholder=\"Naam\" aria-errormessage=\"wpforms-69-field_2-error\" required><\/div><div id=\"wpforms-69-field_7-container\" class=\"wpforms-field wpforms-field-email\" data-field-id=\"7\"><label class=\"wpforms-field-label wpforms-label-hide\" for=\"wpforms-69-field_7\" aria-hidden=\"false\">E-mail <span class=\"wpforms-required-label\" aria-hidden=\"true\">*<\/span><\/label><input type=\"email\" id=\"wpforms-69-field_7\" class=\"wpforms-field-large wpforms-field-required\" name=\"wpforms[fields][7]\" placeholder=\"E-mail\" spellcheck=\"false\" aria-errormessage=\"wpforms-69-field_7-error\" required><\/div><div id=\"wpforms-69-field_6-container\" class=\"wpforms-field wpforms-field-select wpforms-field-select-style-classic\" data-field-id=\"6\"><label class=\"wpforms-field-label wpforms-label-hide\" for=\"wpforms-69-field_6\" aria-hidden=\"false\">Dropdown <span class=\"wpforms-required-label\" aria-hidden=\"true\">*<\/span><\/label><select id=\"wpforms-69-field_6\" class=\"wpforms-field-large wpforms-field-required\" name=\"wpforms[fields][6]\" required=\"required\"><option value=\"\" class=\"placeholder\" disabled  selected='selected'>Selecteer onderwerp<\/option><option value=\"Ok, cardiologie\/radiologie\"  class=\"choice-1 depth-1\"  >Ok, cardiologie\/radiologie<\/option><option value=\"CSA\"  class=\"choice-2 depth-1\"  >CSA<\/option><option value=\"Handschoenen &amp; hygi\u00ebne\"  class=\"choice-3 depth-1\"  >Handschoenen &amp; hygi\u00ebne<\/option><option value=\"IC, anesthesie &amp; neonatologie\"  class=\"choice-8 depth-1\"  >IC, anesthesie &amp; neonatologie<\/option><\/select><\/div><\/div><!-- .wpforms-field-container --><div class=\"wpforms-submit-container\" ><input type=\"hidden\" name=\"wpforms[id]\" value=\"69\"><input type=\"hidden\" name=\"page_title\" value=\"\"><input type=\"hidden\" name=\"page_url\" value=\"https:\/\/medica-europe.com\/nl-be\/wp-json\/wp\/v2\/pages\/14571\"><input type=\"hidden\" name=\"url_referer\" value=\"\"><button type=\"submit\" name=\"wpforms[submit]\" id=\"wpforms-submit-69\" class=\"wpforms-submit\" data-alt-text=\"Versturen...\" data-submit-text=\"Verstuur\" aria-live=\"assertive\" value=\"wpforms-submit\">Verstuur<\/button><img loading=\"lazy\" decoding=\"async\" src=\"https:\/\/medica-europe.com\/wp-content\/plugins\/wpforms-lite\/assets\/images\/submit-spin.svg\" class=\"wpforms-submit-spinner\" style=\"display: none;\" width=\"26\" height=\"26\" alt=\"Aan het laden\"><\/div><\/form><\/div>  <!-- .wpforms-container -->\t\t\t\t<\/div>\n\t\t\t\t<\/div>\n\t\t\t\t\t<\/div>\n\t\t\t\t<\/div>\n\t\t\t\t\t<\/div>\n\t\t\t\t<\/div>\n\t\t\t\t<div class=\"elementor-element elementor-element-294ee48 elementor-widget elementor-widget-text-editor\" data-id=\"294ee48\" data-element_type=\"widget\" data-e-type=\"widget\" data-widget_type=\"text-editor.default\">\n\t\t\t\t<div class=\"elementor-widget-container\">\n\t\t\t\t\t\t\t\t\t<p>Of bel ons op +31 412 67 13 00<\/p>\t\t\t\t\t\t\t\t<\/div>\n\t\t\t\t<\/div>\n\t\t\t\t\t<\/div>\n\t\t\t\t<\/div>\n\t\t\t\t<\/div>\n\t\t","protected":false},"excerpt":{"rendered":"<p>Preoperatievehandenborstel Preoperatieve handenborstel Gebrekkige hygi\u00ebne, vooral bij handen en huid, is de een van de voornaamste oorzaken van ziekenhuisinfecties. Een essenti\u00eble stap in infectiepreventie is dan ook goede handhygi\u00ebne.De Medica Brush cre\u00ebert optimale voorwaarden voor preoperatieve hygi\u00ebne van zowel medewerkers als pati\u00ebnten. In tegenstelling tot traditionele herbruikbare borstels biedt de single use Medica Brush diverse [&hellip;]<\/p>\n","protected":false},"author":1,"featured_media":0,"parent":0,"menu_order":0,"comment_status":"closed","ping_status":"closed","template":"","meta":{"_acf_changed":false,"footnotes":""},"class_list":["post-14571","page","type-page","status-publish","hentry"],"blocksy_meta":{"page_title_panel":"","has_hero_section":"disabled","0c35b981772fbaa5f034c6910d0e6263":"","hero_section":"type-1","hero_elements":[{"id":"custom_title","enabled":true,"heading_tag":"h1","title":"Home"},{"id":"custom_description","enabled":true,"description_visibility":{"desktop":true,"tablet":true,"mobile":false}},{"id":"custom_meta","enabled":false,"meta_elements":[{"id":"author","enabled":true,"label":"By","has_author_avatar":"yes","avatar_size":25},{"id":"post_date","enabled":true,"label":"On","date_format_source":"default","date_format":"M j, Y"},{"id":"updated_date","enabled":false,"label":"On","date_format_source":"default","date_format":"M j, Y"},{"id":"categories","enabled":false,"label":"In","style":"simple"},{"id":"comments","enabled":true}],"page_meta_elements":{"joined":true,"articles_count":true,"comments":true}},{"id":"breadcrumbs","enabled":false}],"896db0047a05873ed4bcf36e81f35519":"","hero_alignment1":"CT_CSS_SKIP_RULE","hero_margin":40,"hero_alignment2":"center","hero_vertical_alignment":"center","663828d74e2fa832c35ecf467515723f":"","hero_structure":"narrow","30fe1a2bb734f5e3535149e6b1168789":"","page_title_bg_type":"featured_image","custom_hero_background":{"attachment_id":null},"page_title_image_size":"full","parallax":{"desktop":false,"tablet":false,"mobile":false},"4dfbe1f449b3a4e6f0ea88bcdaf88ba0":"","hero_height":"250px","pageTitleFont":{"family":"Default","variation":"Default","size":"30px","line-height":"CT_CSS_SKIP_RULE","letter-spacing":"CT_CSS_SKIP_RULE","text-transform":"CT_CSS_SKIP_RULE","text-decoration":"CT_CSS_SKIP_RULE"},"pageTitleFontColor":{"default":{"color":"CT_CSS_SKIP_RULEDEFAULT"}},"pageMetaFont":{"family":"Default","variation":"n6","size":"12px","line-height":"1.3","letter-spacing":"CT_CSS_SKIP_RULE","text-transform":"uppercase","text-decoration":"CT_CSS_SKIP_RULE"},"pageMetaFontColor":{"default":{"color":"CT_CSS_SKIP_RULEDEFAULT"},"hover":{"color":"CT_CSS_SKIP_RULEDEFAULT"}},"page_meta_button_type_font_colors":{"default":{"color":"CT_CSS_SKIP_RULEDEFAULT"},"hover":{"color":"CT_CSS_SKIP_RULEDEFAULT"}},"page_meta_button_type_background_colors":{"default":{"color":"CT_CSS_SKIP_RULEDEFAULT"},"hover":{"color":"CT_CSS_SKIP_RULEDEFAULT"}},"pageExcerptFont":{"family":"Default","variation":"Default","size":"CT_CSS_SKIP_RULE","line-height":"CT_CSS_SKIP_RULE","letter-spacing":"CT_CSS_SKIP_RULE","text-transform":"CT_CSS_SKIP_RULE","text-decoration":"CT_CSS_SKIP_RULE"},"pageExcerptColor":{"default":{"color":"CT_CSS_SKIP_RULEDEFAULT"}},"breadcrumbsFont":{"family":"Default","variation":"Default","size":"CT_CSS_SKIP_RULE","line-height":"CT_CSS_SKIP_RULE","letter-spacing":"CT_CSS_SKIP_RULE","text-transform":"CT_CSS_SKIP_RULE","text-decoration":"CT_CSS_SKIP_RULE"},"breadcrumbsFontColor":{"default":{"color":"CT_CSS_SKIP_RULEDEFAULT"},"initial":{"color":"CT_CSS_SKIP_RULEDEFAULT"},"hover":{"color":"CT_CSS_SKIP_RULEDEFAULT"}},"pageTitleOverlay":{"background_type":"color","background_pattern":"type-1","background_image":{"attachment_id":null,"x":0,"y":0},"gradient":"linear-gradient(135deg,rgba(6,147,227,1) 0%,rgb(155,81,224) 100%)","background_repeat":"repeat","background_size":"auto","background_attachment":"scroll","patternColor":{"default":{"color":"#e5e7ea"}},"overlayColor":{"default":{"color":"CT_CSS_SKIP_RULE"}},"backgroundColor":{"default":{"color":"CT_CSS_SKIP_RULE"}}},"pageTitleBackground":{"background_type":"color","background_pattern":"type-1","background_image":{"attachment_id":null,"x":0,"y":0},"gradient":"linear-gradient(135deg,rgba(6,147,227,1) 0%,rgb(155,81,224) 100%)","background_repeat":"repeat","background_size":"auto","background_attachment":"scroll","patternColor":{"default":{"color":"#e5e7ea"}},"overlayColor":{"default":{"color":"CT_CSS_SKIP_RULE"}},"backgroundColor":{"default":{"color":"var(--theme-palette-color-6)"}}},"pageTitlePadding":{"top":"50px","bottom":"50px","left":"auto","right":"auto","linked":true},"edbed0d7b68b13b03ba46395264b6d37":"","page_structure_type":"default","71a78e2bfb46bd324f4c1e9d3c0aa19c":"","content_style_source":"inherit","content_style":"wide","vertical_spacing_source":"custom","content_area_spacing":"none","background":{"background_type":"color","background_pattern":"type-1","background_image":{"attachment_id":null,"x":0,"y":0},"gradient":"linear-gradient(135deg,rgba(6,147,227,1) 0%,rgb(155,81,224) 100%)","background_repeat":"repeat","background_size":"auto","background_attachment":"scroll","patternColor":{"default":{"color":"#e5e7ea"}},"overlayColor":{"default":{"color":"CT_CSS_SKIP_RULE"}},"backgroundColor":{"default":{"color":"CT_CSS_SKIP_RULE"}}},"content_background":{"background_type":"color","background_pattern":"type-1","background_image":{"attachment_id":null,"x":0,"y":0},"gradient":"linear-gradient(135deg,rgba(6,147,227,1) 0%,rgb(155,81,224) 100%)","background_repeat":"repeat","background_size":"auto","background_attachment":"scroll","patternColor":{"default":{"color":"#e5e7ea"}},"overlayColor":{"default":{"color":"CT_CSS_SKIP_RULE"}},"backgroundColor":{"default":{"color":"var(--theme-palette-color-8)"}}},"content_boxed_shadow":{"inherit":false,"blur":18,"spread":-6,"v_offset":12,"h_offset":0,"inset":false,"enable":true,"color":{"color":"rgba(34, 56, 101, 0.04)"}},"content_boxed_border":{"width":1,"style":"none","color":{"color":"rgba(44,62,80,0.2)"}},"content_boxed_radius":{"top":"3px","bottom":"3px","left":"3px","right":"3px","linked":true},"boxed_content_spacing":{"desktop":{"top":"40px","bottom":"40px","left":"40px","right":"40px","linked":true},"tablet":{"top":"35px","bottom":"35px","left":"35px","right":"35px","linked":true},"mobile":{"top":"20px","bottom":"20px","left":"20px","right":"20px","linked":true}},"04e396c311653a98f30b9ae98aa8a1ae":"","disable_featured_image":"no","disable_share_box":"no","disable_header":"no","disable_footer":"no","styles_descriptor":{"styles":{"desktop":"","tablet":"","mobile":""},"google_fonts":[],"version":6}},"acf":[],"_links":{"self":[{"href":"https:\/\/medica-europe.com\/nl-be\/wp-json\/wp\/v2\/pages\/14571","targetHints":{"allow":["GET"]}}],"collection":[{"href":"https:\/\/medica-europe.com\/nl-be\/wp-json\/wp\/v2\/pages"}],"about":[{"href":"https:\/\/medica-europe.com\/nl-be\/wp-json\/wp\/v2\/types\/page"}],"author":[{"embeddable":true,"href":"https:\/\/medica-europe.com\/nl-be\/wp-json\/wp\/v2\/users\/1"}],"replies":[{"embeddable":true,"href":"https:\/\/medica-europe.com\/nl-be\/wp-json\/wp\/v2\/comments?post=14571"}],"version-history":[{"count":10,"href":"https:\/\/medica-europe.com\/nl-be\/wp-json\/wp\/v2\/pages\/14571\/revisions"}],"predecessor-version":[{"id":58843,"href":"https:\/\/medica-europe.com\/nl-be\/wp-json\/wp\/v2\/pages\/14571\/revisions\/58843"}],"wp:attachment":[{"href":"https:\/\/medica-europe.com\/nl-be\/wp-json\/wp\/v2\/media?parent=14571"}],"curies":[{"name":"wp","href":"https:\/\/api.w.org\/{rel}","templated":true}]}}