{"id":54029,"date":"2024-07-04T14:27:38","date_gmt":"2024-07-04T14:27:38","guid":{"rendered":"https:\/\/medica-europe.com\/sitemap\/"},"modified":"2024-07-04T14:27:38","modified_gmt":"2024-07-04T14:27:38","slug":"sitemap","status":"publish","type":"page","link":"https:\/\/medica-europe.com\/fr\/sitemap\/","title":{"rendered":"Sitemap"},"content":{"rendered":"<div id=\"simple-sitemap-container-69df415540800\" class=\"simple-sitemap-container simple-sitemap-container-69df415540800 tab-disabled\"><div class=\"simple-sitemap-wrap\"><h3 class=\"post-type\">Pages<\/h3><ul class=\"simple-sitemap-page main\"><li class=\"sitemap-item page_item page-item-14565\"><a href=\"https:\/\/medica-europe.com\/fr\/a-propos-de-medica-europe\/\">\u00c0 propos de M\u00e9dica Europe<\/a><\/li>\n<li class=\"sitemap-item page_item page-item-14448\"><a href=\"https:\/\/medica-europe.com\/fr\/accessoires-scs\/\">Accessoires SCS<\/a><\/li>\n<li class=\"sitemap-item page_item page-item-54040\"><a href=\"https:\/\/medica-europe.com\/fr\/algemene-voorwaarden\/\">Algemene voorwaarden<\/a><\/li>\n<li class=\"sitemap-item page_item page-item-14537\"><a href=\"https:\/\/medica-europe.com\/fr\/aspirateur-nasal-nouveau-nes\/\">Aspirateur nasal nouveau-n\u00e9s<\/a><\/li>\n<li class=\"sitemap-item page_item page-item-12623\"><a href=\"https:\/\/medica-europe.com\/fr\/blouses-chirurgicales\/\">Blouses chirurgicales<\/a><\/li>\n<li class=\"sitemap-item page_item page-item-14573\"><a href=\"https:\/\/medica-europe.com\/fr\/brosse-a-main-preoperatoire\/\">Brosse \u00e0 main pr\u00e9op\u00e9ratoire<\/a><\/li>\n<li class=\"sitemap-item page_item page-item-13531\"><a href=\"https:\/\/medica-europe.com\/fr\/contact\/\">Contact<\/a><\/li>\n<li class=\"sitemap-item page_item page-item-13537\"><a href=\"https:\/\/medica-europe.com\/fr\/continuite\/\">Continuit\u00e9<\/a><\/li>\n<li class=\"sitemap-item page_item page-item-14458\"><a href=\"https:\/\/medica-europe.com\/fr\/custom-packs\/\">Custom packs<\/a><\/li>\n<li class=\"sitemap-item page_item page-item-10414\"><a href=\"https:\/\/medica-europe.com\/fr\/des-renseignements-generaux\/\">Des renseignements g\u00e9n\u00e9raux<\/a><\/li>\n<li class=\"sitemap-item page_item page-item-10417\"><a href=\"https:\/\/medica-europe.com\/fr\/des-renseignements-generaux-2\/\">Des renseignements g\u00e9n\u00e9raux<\/a><\/li>\n<li class=\"sitemap-item page_item page-item-10419\"><a href=\"https:\/\/medica-europe.com\/fr\/des-renseignements-generaux-3\/\">Des renseignements g\u00e9n\u00e9raux<\/a><\/li>\n<li class=\"sitemap-item page_item page-item-10437\"><a href=\"https:\/\/medica-europe.com\/fr\/des-renseignements-generaux-4\/\">Des renseignements g\u00e9n\u00e9raux<\/a><\/li>\n<li class=\"sitemap-item page_item page-item-54034\"><a href=\"https:\/\/medica-europe.com\/fr\/disclaimer\/\">Disclaimer<\/a><\/li>\n<li class=\"sitemap-item page_item page-item-14480\"><a href=\"https:\/\/medica-europe.com\/fr\/durabilite\/\">Durabilit\u00e9<\/a><\/li>\n<li class=\"sitemap-item page_item page-item-14488\"><a href=\"https:\/\/medica-europe.com\/fr\/filtration\/\">Filtration<\/a><\/li>\n<li class=\"sitemap-item page_item page-item-14468\"><a href=\"https:\/\/medica-europe.com\/fr\/fumee-diathermique\/\">Fum\u00e9e diathermique<\/a><\/li>\n<li class=\"sitemap-item page_item page-item-12590\"><a href=\"https:\/\/medica-europe.com\/fr\/gants-chirurgicaux\/\">Gants chirurgicaux<\/a><\/li>\n<li class=\"sitemap-item page_item page-item-12605\"><a href=\"https:\/\/medica-europe.com\/fr\/gants-chirurgicaux-2\/\">Gants chirurgicaux<\/a><\/li>\n<li class=\"sitemap-item page_item page-item-14549\"><a href=\"https:\/\/medica-europe.com\/fr\/gants-dexamen\/\">Gants d&rsquo;examen<\/a><\/li>\n<li class=\"sitemap-item page_item page-item-14555\"><a href=\"https:\/\/medica-europe.com\/fr\/gants-dexamen-2\/\">Gants d&rsquo;examen<\/a><\/li>\n<li class=\"sitemap-item page_item page-item-14519\"><a href=\"https:\/\/medica-europe.com\/fr\/gestion-des-perfusions-pour-les-nouveau-nes\/\">Gestion des perfusions pour les nouveau-n\u00e9s<\/a><\/li>\n<li class=\"sitemap-item page_item page-item-14484\"><a href=\"https:\/\/medica-europe.com\/fr\/gestion-fecale\/\">Gestion f\u00e9cale<\/a><\/li>\n<li class=\"sitemap-item page_item page-item-12488\"><a href=\"https:\/\/medica-europe.com\/fr\/\">Home<\/a><\/li>\n<li class=\"sitemap-item page_item page-item-14508\"><a href=\"https:\/\/medica-europe.com\/fr\/hygiene-des-mains\/\">Hygi\u00e8ne des mains<\/a><\/li>\n<li class=\"sitemap-item page_item page-item-14474\"><a href=\"https:\/\/medica-europe.com\/fr\/instruments-jetables\/\">Instruments jetables<\/a><\/li>\n<li class=\"sitemap-item page_item page-item-14533\"><a href=\"https:\/\/medica-europe.com\/fr\/sacs-stratifies\/\">Lamin\u00e9s<\/a><\/li>\n<li class=\"sitemap-item page_item page-item-14569\"><a href=\"https:\/\/medica-europe.com\/fr\/les-soins-aux-patients\/\">Les soins aux patients<\/a><\/li>\n<li class=\"sitemap-item page_item page-item-12517\"><a href=\"https:\/\/medica-europe.com\/fr\/materiau-de-revetement\/\">Mat\u00e9riau de rev\u00eatement<\/a><\/li>\n<li class=\"sitemap-item page_item page-item-14591\"><a href=\"https:\/\/medica-europe.com\/fr\/materiel-demballage-de-sterilisation\/\">Mat\u00e9riel d&#8217;emballage de st\u00e9rilisation<\/a><\/li>\n<li class=\"sitemap-item page_item page-item-13541\"><a href=\"https:\/\/medica-europe.com\/fr\/moyens-de-controle\/\">Moyens de contr\u00f4le<\/a><\/li>\n<li class=\"sitemap-item page_item page-item-14523\"><a href=\"https:\/\/medica-europe.com\/fr\/nettoyage-des-instruments\/\">Nettoyage des instruments<\/a><\/li>\n<li class=\"sitemap-item page_item page-item-14559\"><a href=\"https:\/\/medica-europe.com\/fr\/nos-employes\/\">Nos employ\u00e9s<\/a><\/li>\n<li class=\"sitemap-item page_item page-item-10434\"><a href=\"https:\/\/medica-europe.com\/fr\/paquet-ic\/\">Paquet IC<\/a><\/li>\n<li class=\"sitemap-item page_item page-item-54066\"><a href=\"https:\/\/medica-europe.com\/fr\/postes-vacants\/\">Postes vacants<\/a><\/li>\n<li class=\"sitemap-item page_item page-item-12571\"><a href=\"https:\/\/medica-europe.com\/fr\/presentation-du-produit\/\">Pr\u00e9sentation du produit<\/a><\/li>\n<li class=\"sitemap-item page_item page-item-54046\"><a href=\"https:\/\/medica-europe.com\/fr\/privacy-statement\/\">Privacy Statement<\/a><\/li>\n<li class=\"sitemap-item page_item page-item-14504\"><a href=\"https:\/\/medica-europe.com\/fr\/protection-du-visage\/\">Protection du visage<\/a><\/li>\n<li class=\"sitemap-item page_item page-item-14529\"><a href=\"https:\/\/medica-europe.com\/fr\/qualite\/\">Qualit\u00e9<\/a><\/li>\n<li class=\"sitemap-item page_item page-item-14579\"><a href=\"https:\/\/medica-europe.com\/fr\/reduction-du-risque-dinfection\/\">R\u00e9duction du risque d&rsquo;infection<\/a><\/li>\n<li class=\"sitemap-item page_item page-item-14464\"><a href=\"https:\/\/medica-europe.com\/fr\/service-client\/\">Service client<\/a><\/li>\n<li class=\"sitemap-item page_item page-item-54029\"><a href=\"https:\/\/medica-europe.com\/fr\/sitemap\/\">Sitemap<\/a><\/li>\n<li class=\"sitemap-item page_item page-item-14585\"><a href=\"https:\/\/medica-europe.com\/fr\/socialement\/\">Socialement<\/a><\/li>\n<li class=\"sitemap-item page_item page-item-14543\"><a href=\"https:\/\/medica-europe.com\/fr\/soutien\/\">Soutien<\/a><\/li>\n<li class=\"sitemap-item page_item page-item-14452\"><a href=\"https:\/\/medica-europe.com\/fr\/systeme-dadministration\/\">Syst\u00e8me d&rsquo;administration<\/a><\/li>\n<li class=\"sitemap-item page_item page-item-14498\"><a href=\"https:\/\/medica-europe.com\/fr\/systeme-de-gestion-des-fluides\/\">Syst\u00e8me de gestion des fluides<\/a><\/li>\n<li class=\"sitemap-item page_item page-item-54052\"><a href=\"https:\/\/medica-europe.com\/fr\/verwerkersovereenkomst\/\">Verwerkersovereenkomst<\/a><\/li>\n<li class=\"sitemap-item page_item page-item-10424\"><a href=\"https:\/\/medica-europe.com\/fr\/vetements-de-protection\/\">V\u00eatements de protection<\/a><\/li>\n<\/ul><\/div><\/div><br style=\"clear: both;\">","protected":false},"excerpt":{"rendered":"","protected":false},"author":1,"featured_media":0,"parent":0,"menu_order":0,"comment_status":"closed","ping_status":"closed","template":"","meta":{"_acf_changed":false,"footnotes":""},"class_list":["post-54029","page","type-page","status-publish","hentry"],"blocksy_meta":[],"acf":[],"_links":{"self":[{"href":"https:\/\/medica-europe.com\/fr\/wp-json\/wp\/v2\/pages\/54029","targetHints":{"allow":["GET"]}}],"collection":[{"href":"https:\/\/medica-europe.com\/fr\/wp-json\/wp\/v2\/pages"}],"about":[{"href":"https:\/\/medica-europe.com\/fr\/wp-json\/wp\/v2\/types\/page"}],"author":[{"embeddable":true,"href":"https:\/\/medica-europe.com\/fr\/wp-json\/wp\/v2\/users\/1"}],"replies":[{"embeddable":true,"href":"https:\/\/medica-europe.com\/fr\/wp-json\/wp\/v2\/comments?post=54029"}],"version-history":[{"count":0,"href":"https:\/\/medica-europe.com\/fr\/wp-json\/wp\/v2\/pages\/54029\/revisions"}],"wp:attachment":[{"href":"https:\/\/medica-europe.com\/fr\/wp-json\/wp\/v2\/media?parent=54029"}],"curies":[{"name":"wp","href":"https:\/\/api.w.org\/{rel}","templated":true}]}}